{"id":162,"date":"2018-03-13T13:02:51","date_gmt":"2018-03-13T11:02:51","guid":{"rendered":"http:\/\/panorama-center.md\/?page_id=162"},"modified":"2026-03-17T14:16:38","modified_gmt":"2026-03-17T12:16:38","slug":"home","status":"publish","type":"page","link":"http:\/\/panorama-center.md\/ro\/","title":{"rendered":""},"content":{"rendered":"<div  id=\"overlappable-4\" style=\"background-color: #ffffff; background-image: none;\" data-label=\"Overlappable\" data-id=\"overlappable-4\" data-export-id=\"overlappable-4\" data-category=\"overlappable\" class=\"overlappable-4 content-section content-section-spacing\" data-overlap=\"true\">\n<div  class=\"\">\n<div  data-type=\"row\" class=\"row spaced-cols text-center content-center-sm\">\n<div  class=\"col-xs-12 col-sm-4 col-padding col-md-3 \">\n\n<i  class=\"fa icon shadow-large-black aligncenter color1 fa-map-marker reverse round big\"> <\/i>\n<div  data-type=\"column\" class=\"\">\n<h5  class=\"\">CENTRUL ORA\u0218ULUI<\/h5>\n<p  class=\"\">Centrul de afaceri este situat \u00een zona Sec\u021biei Consulare a Ambasadei Rom\u00e2niei la Chi\u0219in\u0103u.<\/p>\n\n<\/div>\n<\/div>\n<div  class=\"col-xs-12 col-sm-4 col-padding col-md-3 \">\n\n<i  class=\"fa icon shadow-large-black aligncenter color1 fa-product-hunt reverse round big\"> <\/i>\n<div  data-type=\"column\" class=\"\">\n<h5  class=\"\">PARCARE 70 LOCURI<\/h5>\n<p  class=\"\">La dispozi\u021bia angaja\u021bilor \u0219i oaspe\u021bilor centrului sunt parc\u0103ri adiacente  cu o capacitate de 70 de locuri.<\/p>\n\n<\/div>\n<\/div>\n<div  class=\"col-xs-12 col-sm-4 col-padding col-md-3 \">\n\n<i  class=\"fa icon shadow-large-black aligncenter color1 fa-thermometer-three-quarters reverse round big\"> <\/i>\n<div  data-type=\"column\" class=\"\">\n<h5  class=\"\">CONTROL CLIMAT \u2013 ECO<\/h5>\n<p  class=\"\">Furnizarea ra\u021bional\u0103 de c\u0103ldur\u0103 \u0219i aer condi\u021bionat pot reduce costurile energetice.<\/p>\n\n<\/div>\n<\/div>\n<div  class=\"col-xs-12 col-sm-4 col-padding col-md-3 \">\n\n<i  class=\"fa icon shadow-large-black aligncenter color1 fa-globe reverse round big\"> <\/i>\n<div  data-type=\"column\" class=\"\">\n<h5  class=\"\">INTERNET DE LA 4 FURNIZORI<\/h5>\n<p  class=\"\">Chiria\u0219ii Centrului pot folosi serviciile furnizorilor de internet de top din Moldova, precum Moldtelecom, Orange, Starnet \u0219i Arax.<\/p>\n<article  id=\"offer\" class=\"\"><\/article>\n\n<\/div>\n<\/div>\n<\/div>\n<\/div>\n<\/div><div  id=\"features-3\" style=\"background-color: #ffffff;\" data-label=\"Features\" data-id=\"features-12-card-bordered\" data-export-id=\"features-12-card-bordered\" data-category=\"features\" class=\"features-12-card-bordered content-section content-section-spacing \">\n<div  class=\"gridContainer\">\n<div  class=\"row text-center\">\n<div  class=\"section-title-col\" data-type=\"column\">\n<h2  class=\"\">Oferte curente<\/h2>\n<a class=\"link\" href=\"#1\" target=\"_self\" data-cp-link=\"1\" rel=\"noopener\"><\/a>\n\n<\/div>\n<\/div>\n<div  class=\"row spaced-cols\" data-type=\"row\">\n<div  class=\"col-sm-6 col-md-12 \">\n<div  class=\"card row-card bordered y-move\">\n<div  class=\"row\">\n<div  class=\"col-sm-fit icon-column\"><i  class=\"fa icon color2 fa-check-circle-o bordered round\"> <\/i><\/div>\n<div  class=\"col-sm\" data-type=\"column\">\n\n\n\n<p  class=\"\">\n<br >\nEtajul 4: 380 m.p. \u2013 15 euro \/ m.p.<br ><br >Etajul 3: 105 m.p. \u2013 18 euro \/ m.p.<\/p><\/div>\n<\/div>\n<\/div>\n<\/div>\n\n\n<div  class=\"col-sm-6 col-md-12\">\n<div  class=\"card row-card bordered y-move\">\n<div  class=\"row\">\n<div  class=\"col-sm-fit icon-column\"><i  class=\"fa icon color2 fa-exclamation bordered round small\"> <\/i><\/div>\n<div  class=\"col-sm\" data-type=\"column\">\n<p  class=\"\">Pre\u021bul include: TVA, climatizarea, paza 24 de ore pe cl\u0103dire si parc\u0103ri, cur\u0103\u021benie&nbsp;spatii&nbsp;comune.<\/p>\n\n<\/div>\n<\/div>\n<\/div>\n<\/div>\n<\/div>\n<\/div>\n<\/div><div  id=\"portfolio-3\" style=\"background-color: #f5fafd;\" data-label=\"Portfolio\" data-id=\"portfolio-4\" data-export-id=\"portfolio-4\" data-category=\"portfolio\" class=\"portfolio-4 content-section content-section-spacing-top\">\n<div  class=\"\">\n<div  class=\"row text-center\">\n<div  class=\"section-title-col\" data-type=\"column\">\n\n\n\n<\/div>\n<\/div>\n<div  data-type=\"row\" class=\"row\">\n\n<div  class=\"col-xs-12 col-sm-3 no-gutter-col\">\n<div  class=\"contentswap-effect\" data-hover-fx=\"portfolio-4\">\n<div  class=\"initial-image\"><img  data-size=\"542x360\" src=\"http:\/\/panorama-center.md\/ro\/wp-content\/uploads\/sites\/3\/2023\/10\/cropped-01_ai.jpg\"><\/div>\n<div  class=\"overlay bg-color1\"><\/div>\n<div  class=\"swap-inner col-xs-12\">\n<div  class=\"row full-height-row middle-xs middle-sm\">\n<div  class=\"col-xs-12 text-center content-holder\"><a href=\"http:\/\/panorama-center.md\/ro\/wp-content\/uploads\/sites\/3\/2023\/10\/01_ai.jpg\" target=\"_self\" data-slb-active=\"1\" data-slb-asset=\"1067453155\" data-slb-internal=\"0\" data-slb-group=\"162_162_162_162_162_162_162_162_162_162_162_162_162_162_162_162_162_162_162_162_162_162_162_162_162_162_162_162_162_162_162_162_162_162_162_46_46\" class=\"\" rel=\"noopener\"><i  class=\"fa icon portfolio-icon fa-mouse-pointer big\" aria-hidden=\"true\"><\/i><\/a><\/div>\n<\/div>\n<\/div>\n<\/div>\n<\/div>\n\n\n\n\n\n\n<div  class=\"col-xs-12 col-sm-3 no-gutter-col\">\n<div  class=\"contentswap-effect\" data-hover-fx=\"portfolio-4\">\n<div  class=\"initial-image\"><img  data-size=\"542x360\" src=\"http:\/\/panorama-center.md\/ro\/wp-content\/uploads\/sites\/3\/2023\/10\/cropped-022_ai.jpg\"><\/div>\n<div  class=\"overlay bg-color1\"><\/div>\n<div  class=\"swap-inner col-xs-12\">\n<div  class=\"row full-height-row middle-xs middle-sm\">\n<div  class=\"col-xs-12 text-center content-holder\"><a href=\"http:\/\/panorama-center.md\/ro\/wp-content\/uploads\/sites\/3\/2023\/10\/022_ai.jpg\" target=\"_self\" data-slb-active=\"1\" data-slb-asset=\"1692498712\" data-slb-internal=\"0\" data-slb-group=\"162_162_162_162_162_162_162_162_162_162_162_162_162_162_162_162_162_162_162_162_162_162_162_162_162_162_162_162_162_162_162_162_162_162_162_46_46\" class=\"\" rel=\"noopener\"><i  class=\"fa icon portfolio-icon fa-mouse-pointer big\" aria-hidden=\"true\"><\/i><\/a><\/div>\n<\/div>\n<\/div>\n<\/div>\n<\/div><div  class=\"col-xs-12 col-sm-3 no-gutter-col\">\n<div  class=\"contentswap-effect\" data-hover-fx=\"portfolio-4\">\n<div  class=\"initial-image\"><img  data-size=\"542x360\" src=\"http:\/\/panorama-center.md\/ro\/wp-content\/uploads\/sites\/3\/2023\/10\/cropped-03_ai.jpg\"><\/div>\n<div  class=\"overlay bg-color1\"><\/div>\n<div  class=\"swap-inner col-xs-12\">\n<div  class=\"row full-height-row middle-xs middle-sm\">\n<div  class=\"col-xs-12 text-center content-holder\"><a href=\"http:\/\/panorama-center.md\/ro\/wp-content\/uploads\/sites\/3\/2023\/10\/03_ai.jpg\" target=\"_self\" data-slb-active=\"1\" data-slb-asset=\"1683003133\" data-slb-internal=\"0\" data-slb-group=\"162_162_162_162_162_162_162_162_162_162_162_162_162_162_162_162_162_162_162_162_162_162_162_162_162_162_162_162_162_162_162_162_162_162_162_46_46\" class=\"\" rel=\"noopener\"><i  class=\"fa icon portfolio-icon fa-mouse-pointer big\" aria-hidden=\"true\"><\/i><\/a><\/div>\n<\/div>\n<\/div>\n<\/div>\n<\/div><div  class=\"col-xs-12 col-sm-3 no-gutter-col\">\n<div  class=\"contentswap-effect\" data-hover-fx=\"portfolio-4\">\n<div  class=\"initial-image\"><img  data-size=\"542x360\" src=\"http:\/\/panorama-center.md\/ro\/wp-content\/uploads\/sites\/3\/2023\/10\/cropped-DJI_0083.jpg\"><\/div>\n<div  class=\"overlay bg-color1\"><\/div>\n<div  class=\"swap-inner col-xs-12\">\n<div  class=\"row full-height-row middle-xs middle-sm\">\n<div  class=\"col-xs-12 text-center content-holder\"><a href=\"http:\/\/panorama-center.md\/ro\/wp-content\/uploads\/sites\/3\/2023\/10\/DJI_0083.jpg\" target=\"_self\" data-slb-active=\"1\" data-slb-asset=\"1040947898\" data-slb-internal=\"0\" data-slb-group=\"162_162_162_162_162_162_162_162_162_162_162_162_162_162_162_162_162_162_162_162_162_162_162_162_162_162_162_162_162_162_162_162_162_162_162_46_46\" class=\"\" rel=\"noopener\"><i  class=\"fa icon portfolio-icon fa-mouse-pointer big\" aria-hidden=\"true\"><\/i><\/a><\/div>\n<\/div>\n<\/div>\n<\/div>\n<\/div><div  class=\"col-xs-12 col-sm-3 no-gutter-col\">\n<div  class=\"contentswap-effect\" data-hover-fx=\"portfolio-4\">\n<div  class=\"initial-image\"><img  data-size=\"542x360\" src=\"http:\/\/panorama-center.md\/ro\/wp-content\/uploads\/sites\/3\/2023\/10\/cropped-DJI_0056-scaled-1.jpg\"><\/div>\n<div  class=\"overlay bg-color1\"><\/div>\n<div  class=\"swap-inner col-xs-12\">\n<div  class=\"row full-height-row middle-xs middle-sm\">\n<div  class=\"col-xs-12 text-center content-holder\"><a href=\"http:\/\/panorama-center.md\/ro\/wp-content\/uploads\/sites\/3\/2023\/10\/DJI_0056-scaled.jpg\" target=\"_self\" data-slb-active=\"1\" data-slb-asset=\"917529608\" data-slb-internal=\"0\" data-slb-group=\"162_162_162_162_162_162_162_162_162_162_162_162_162_162_162_162_162_162_162_162_162_162_162_162_162_162_162_162_162_162_162_162_162_162_162_46_46\" class=\"\" rel=\"noopener\"><i  class=\"fa icon portfolio-icon fa-mouse-pointer big\" aria-hidden=\"true\"><\/i><\/a><\/div>\n<\/div>\n<\/div>\n<\/div>\n<\/div><div  class=\"col-xs-12 col-sm-3 no-gutter-col\">\n<div  class=\"contentswap-effect\" data-hover-fx=\"portfolio-4\">\n<div  class=\"initial-image\"><img  data-size=\"542x360\" src=\"http:\/\/panorama-center.md\/ro\/wp-content\/uploads\/sites\/3\/2023\/10\/cropped-DJI_0003.jpg\"><\/div>\n<div  class=\"overlay bg-color1\"><\/div>\n<div  class=\"swap-inner col-xs-12\">\n<div  class=\"row full-height-row middle-xs middle-sm\">\n<div  class=\"col-xs-12 text-center content-holder\"><a href=\"http:\/\/panorama-center.md\/ro\/wp-content\/uploads\/sites\/3\/2023\/10\/DJI_0003.jpg\" target=\"_self\" data-slb-active=\"1\" data-slb-asset=\"1769772280\" data-slb-internal=\"0\" data-slb-group=\"162_162_162_162_162_162_162_162_162_162_162_162_162_162_162_162_162_162_162_162_162_162_162_162_162_162_162_162_162_162_162_162_162_162_162_46_46\" class=\"\" rel=\"noopener\"><i  class=\"fa icon portfolio-icon fa-mouse-pointer big\" aria-hidden=\"true\"><\/i><\/a><\/div>\n<\/div>\n<\/div>\n<\/div>\n<\/div><div  class=\"col-xs-12 col-sm-3 no-gutter-col\">\n<div  class=\"contentswap-effect\" data-hover-fx=\"portfolio-4\">\n<div  class=\"initial-image\"><img  data-size=\"542x360\" src=\"http:\/\/panorama-center.md\/ro\/wp-content\/uploads\/sites\/3\/2023\/10\/cropped-DJI_0019.jpg\"><\/div>\n<div  class=\"overlay bg-color1\"><\/div>\n<div  class=\"swap-inner col-xs-12\">\n<div  class=\"row full-height-row middle-xs middle-sm\">\n<div  class=\"col-xs-12 text-center content-holder\"><a href=\"http:\/\/panorama-center.md\/ro\/wp-content\/uploads\/sites\/3\/2023\/10\/DJI_0019.jpg\" target=\"_self\" data-slb-active=\"1\" data-slb-asset=\"1015256649\" data-slb-internal=\"0\" data-slb-group=\"162_162_162_162_162_162_162_162_162_162_162_162_162_162_162_162_162_162_162_162_162_162_162_162_162_162_162_162_162_162_162_162_162_162_162_46_46\" class=\"\" rel=\"noopener\"><i  class=\"fa icon portfolio-icon fa-mouse-pointer big\" aria-hidden=\"true\"><\/i><\/a><\/div>\n<\/div>\n<\/div>\n<\/div>\n<\/div><div  class=\"col-xs-12 col-sm-3 no-gutter-col\">\n<div  class=\"contentswap-effect\" data-hover-fx=\"portfolio-4\">\n<div  class=\"initial-image\"><img  data-size=\"542x360\" src=\"http:\/\/panorama-center.md\/ro\/wp-content\/uploads\/sites\/3\/2023\/10\/cropped-DJI_00131.jpg\"><\/div>\n<div  class=\"overlay bg-color1\"><\/div>\n<div  class=\"swap-inner col-xs-12\">\n<div  class=\"row full-height-row middle-xs middle-sm\">\n<div  class=\"col-xs-12 text-center content-holder\"><a href=\"http:\/\/panorama-center.md\/ro\/wp-content\/uploads\/sites\/3\/2023\/10\/DJI_00131.jpg\" target=\"_self\" data-slb-active=\"1\" data-slb-asset=\"830121556\" data-slb-internal=\"0\" data-slb-group=\"162_162_162_162_162_162_162_162_162_162_162_162_162_162_162_162_162_162_162_162_162_162_162_162_162_162_162_162_162_162_162_162_162_162_162_46_46\" class=\"\" rel=\"noopener\"><i  class=\"fa icon portfolio-icon fa-mouse-pointer big\" aria-hidden=\"true\"><\/i><\/a><\/div>\n<\/div>\n<\/div>\n<\/div>\n<\/div><\/div>\n<\/div>\n<\/div><div  data-label=\"Clients\" data-id=\"clients--1\" data-export-id=\"clients-4\" data-category=\"clients\" class=\"clients-4 content-section content-section-spacing-small\" id=\"clients-1\" style=\"background-color: rgb(255, 255, 255);\"><div  class=\"\"> <div  class=\"row\"><div  data-type=\"column\" class=\"section-title-col\"> <h2  class=\"font-700\">Partenerii no\u0219tri<\/h2> <\/div> <\/div> <div  data-type=\"row\" class=\"row spaced-cols middle-xs center-xs space-bottom padding-lr\"> <div  class=\"col-xs-6 col-sm-2\"> <a data-cp-link=\"1\" href=\"http:\/\/imperial-vin.com\" class=\"\" target=\"_blank\" rel=\"noopener\"><img  src=\"http:\/\/panorama-center.md\/ro\/wp-content\/uploads\/sites\/3\/2021\/06\/Imperial_Vin_Group_w.png\" class=\"\"><\/a><\/div> <div  class=\"col-xs-6 col-sm-2\"> <a data-cp-link=\"1\" href=\"https:\/\/www.herbalife.md\" class=\"\" target=\"_blank\" rel=\"noopener\"><img  src=\"http:\/\/panorama-center.md\/ro\/wp-content\/uploads\/sites\/3\/2021\/06\/herbalife-nutrition_100.png\" class=\"\"><\/a><\/div> <div  class=\"col-xs-6 col-sm-2\"> <a data-cp-link=\"1\" href=\"https:\/\/kivork.md\" class=\"\" target=\"_blank\" rel=\"noopener\"><img  src=\"http:\/\/panorama-center.md\/ro\/wp-content\/uploads\/sites\/3\/2021\/06\/kivork_100.png\" class=\"\"><\/a><\/div> <div  class=\"col-xs-6 col-sm-2\"> <a data-cp-link=\"1\" href=\"https:\/\/andivajobs.md\" class=\"\" target=\"_blank\" rel=\"noopener\"><img  src=\"http:\/\/panorama-center.md\/ro\/wp-content\/uploads\/sites\/3\/2023\/10\/logo.png\" class=\"\"><\/a><\/div> <div  class=\"col-xs-6 col-sm-2\"> <a data-cp-link=\"1\" href=\"https:\/\/justconsult.md\" class=\"\" target=\"_blank\" rel=\"noopener\"><img  src=\"http:\/\/panorama-center.md\/ro\/wp-content\/uploads\/sites\/3\/2021\/06\/JustConsult_100.png\" class=\"\"><\/a><\/div> <div  class=\"col-xs-6 col-sm-2\"> <a data-cp-link=\"1\" href=\"https:\/\/www.agrostoc.md\" class=\"\" target=\"_blank\" rel=\"noopener\"><img  src=\"http:\/\/panorama-center.md\/ro\/wp-content\/uploads\/sites\/3\/2021\/06\/agrostoc_100.png\" class=\"\"><\/a><\/div> <\/div><\/div> <\/div><article  id=\"contacts\"><\/article>","protected":false},"excerpt":{"rendered":"<p>CENTRUL ORA\u0218ULUI Centrul de afaceri este situat \u00een zona Sec\u021biei Consulare a Ambasadei Rom\u00e2niei la Chi\u0219in\u0103u. PARCARE 70 LOCURI La dispozi\u021bia angaja\u021bilor \u0219i oaspe\u021bilor centrului sunt parc\u0103ri adiacente cu o capacitate de 70 de locuri. CONTROL CLIMAT \u2013 ECO Furnizarea ra\u021bional\u0103 de c\u0103ldur\u0103 \u0219i aer condi\u021bionat pot reduce costurile energetice. INTERNET DE LA 4 FURNIZORI&hellip; <br \/> <a class=\"read-more\" href=\"http:\/\/panorama-center.md\/ro\/\">Cite\u0219te mai mult<\/a><\/p>\n","protected":false},"author":1,"featured_media":0,"parent":0,"menu_order":0,"comment_status":"closed","ping_status":"closed","template":"","meta":[],"_links":{"self":[{"href":"http:\/\/panorama-center.md\/ro\/wp-json\/wp\/v2\/pages\/162"}],"collection":[{"href":"http:\/\/panorama-center.md\/ro\/wp-json\/wp\/v2\/pages"}],"about":[{"href":"http:\/\/panorama-center.md\/ro\/wp-json\/wp\/v2\/types\/page"}],"author":[{"embeddable":true,"href":"http:\/\/panorama-center.md\/ro\/wp-json\/wp\/v2\/users\/1"}],"replies":[{"embeddable":true,"href":"http:\/\/panorama-center.md\/ro\/wp-json\/wp\/v2\/comments?post=162"}],"version-history":[{"count":54,"href":"http:\/\/panorama-center.md\/ro\/wp-json\/wp\/v2\/pages\/162\/revisions"}],"predecessor-version":[{"id":397,"href":"http:\/\/panorama-center.md\/ro\/wp-json\/wp\/v2\/pages\/162\/revisions\/397"}],"wp:attachment":[{"href":"http:\/\/panorama-center.md\/ro\/wp-json\/wp\/v2\/media?parent=162"}],"curies":[{"name":"wp","href":"https:\/\/api.w.org\/{rel}","templated":true}]}}